{"id":97,"date":"2020-09-25T21:41:43","date_gmt":"2020-09-25T14:41:43","guid":{"rendered":"http:\/\/demoweb.superhost.vn\/7080\/?post_type=product&#038;p=97"},"modified":"2020-09-28T09:29:08","modified_gmt":"2020-09-28T02:29:08","slug":"laptop-hp-15s-fq1022tu-8vy75pa","status":"publish","type":"product","link":"http:\/\/demoweb.superhost.vn\/7080\/san-pham\/laptop-hp-15s-fq1022tu-8vy75pa\/","title":{"rendered":"Laptop HP 15s-fq1022TU 8VY75PA"},"content":{"rendered":"<p>\u0110\u00e1nh gi\u00e1 Laptop HP 15s-fq1022TU 8VY75PA<\/p>\n<p>Thi\u1ebft k\u1ebf trang nh\u00e3<\/p>\n<p>Laptop HP 15s-fq1022TU 8VY75PA c\u00f3 thi\u1ebft k\u1ebf trang nh\u00e3 sang tr\u1ecdng khi \u0111\u01b0\u1ee3c ph\u1ee7 m\u1ed9t l\u1edbp m\u00e0u b\u1ea1c b\u00f3ng b\u1ea9y, nh\u1eefng \u0111\u01b0\u1eddng n\u00e9t tinh t\u1ebf cao c\u1ea5p \u0111\u1ea3m b\u1ea3o t\u00ednh th\u1ea9m m\u0129 cao. Tr\u1ecdng l\u01b0\u1ee3ng c\u1ee7a m\u00e1y kh\u00e1 nh\u1eb9, ch\u1ec9 kho\u1ea3ng h\u01a1n 1.74kg v\u00e0 ch\u1ec9 m\u1ecfng 1,99cm c\u00f3 th\u1ec3 d\u1ec5 d\u00e0ng \u0111\u1ec3 trong ba l\u00f4 hay t\u00fai x\u00e1ch c\u1ee7a b\u1ea1n \u0111\u1ec3 mang theo kh\u1eafp n\u01a1i.<\/p>\n<p>M\u00e0n h\u00ecnh s\u1eafc n\u00e9t<\/p>\n<p>M\u00e1y trang b\u1ecb m\u00e0n h\u00ecnh 15.6\u201d v\u1edbi vi\u1ec1n si\u00eau m\u1ecfng cho t\u1ec9 l\u1ec7 m\u00e0n h\u00ecnh chi\u1ebfm t\u1edbi 81% di\u1ec7n t\u00edch th\u00e2n m\u00e1y. V\u1edbi \u0111\u1ed9 ph\u00e2n gi\u1ea3i HD cho h\u00ecnh \u1ea3nh hi\u1ec3n th\u1ecb m\u01b0\u1ee3t m\u00e0, s\u1eafc n\u00e9t. Ngo\u00e0i ra, c\u00f2n \u0111\u01b0\u1ee3c ph\u1ee7 m\u1ed9t l\u1edbp ph\u1ee7 ch\u1ed1ng ch\u00f3i gi\u00fap cho ng\u01b0\u1eddi d\u00f9ng c\u00f3 th\u1ec3 nh\u00ecn r\u00f5 nh\u1eefng h\u00ecnh \u1ea3nh d\u00f9 \u1edf \u0111i\u1ec1u ki\u1ec7n \u00e1nh s\u00e1ng m\u1ea1nh.<\/p>\n<p>Hi\u1ec7u n\u0103ng<\/p>\n<p>Laptop HP 15s-fq1022TU 8VY75PA s\u1edf h\u1eefu hi\u1ec7u n\u0103ng tuy\u1ec7t v\u1eddi, cho kh\u1ea3 n\u0103ng x\u1eed l\u00fd \u0111a nhi\u1ec7m v\u00e0 c\u00e1c \u1ee9ng d\u1ee5ng m\u01b0\u1ee3t m\u00e0 v\u1edbi b\u1ed9 vi x\u1eed l\u00fd Intel\u00ae Core\u2122 i7-1065G7 c\u00f9ng b\u1ed9 nh\u1edb RAM 8GB.<\/p>\n<p>Ngo\u00e0i ra, m\u00e1y trang b\u1ecb card \u0111\u1ed3 h\u1ecda Intel\u00ae Iris\u00ae Plus Graphics, t\u0103ng c\u01b0\u1eddng kh\u1ea3 n\u0103ng l\u00e0m \u0111\u1ed3 h\u1ecda, ch\u01a1i game v\u00e0 c\u00f9ng \u1ed5 c\u1ee9ng SSD 512GB v\u1edbi t\u1ed1c \u0111\u1ed9 x\u1eed l\u00fd d\u1eef li\u1ec7u nhanh ch\u00f3ng. V\u1edbi c\u1ea5u h\u00ecnh n\u00e0y, b\u1ea1n c\u00f3 th\u1ec3 ch\u1ec9nh s\u1eeda \u1ea3nh, video, ch\u1ea1y c\u00e1c ch\u01b0\u01a1ng tr\u00ecnh \u0111\u1ed3 h\u1ecda v\u00e0 ch\u01a1i nh\u1eefng t\u1ef1a game y\u00eau th\u00edch<\/p>\n<p>Th\u1eddi l\u01b0\u1ee3ng pin<\/p>\n<p>Pin \u0111\u01b0\u1ee3c trang b\u1ecb c\u00f3 th\u1ec3 s\u1eed d\u1ee5ng trong kho\u1ea3ng 10 ti\u1ebfng li\u00ean t\u1ee5c m\u00e0 kh\u00f4ng c\u1ea7n \u0111\u1ebfn ngu\u1ed3n s\u1ea1c. Nh\u1edd v\u1eady, nh\u1eefng cu\u1ed9c h\u1ecdp quan tr\u1ecdng hay vi\u1ec7c s\u1eed d\u1ee5ng laptop trong m\u1ed9t chuy\u1ebfn bay d\u00e0i \u0111\u1ec1u s\u1ebd \u0111\u01b0\u1ee3c \u0111\u00e1p \u1ee9ng m\u1ed9t c\u00e1ch hi\u1ec7u qu\u1ea3.<\/p>\n<p>K\u1ebft n\u1ed1i ti\u00ean ti\u1ebfn<\/p>\n<p>Laptop HP 15s-fq1022TU 8VY75PA v\u1eabn \u0111\u1ea7y \u0111\u1ee7 nh\u1eefng k\u1ebft n\u1ed1i ti\u00ean ti\u1ebfn nh\u1ea5t hi\u1ec7n nay. Ch\u00fang ta c\u00f3 2 c\u1ed5ng USB 3.1 Gen 1; c\u1ed5ng m\u1ea1ng LAN; HDMI; jack tai nghe 3.5mm v\u00e0 \u0111\u1eb7c bi\u1ec7t l\u00e0 c\u1ed5ng USB Type-C 3.1 Gen 1, cho t\u1ed1c \u0111\u1ed9 truy\u1ec1n d\u1eef li\u1ec7u nhanh v\u01b0\u1ee3t tr\u1ed9i.<\/p>\n<p>Hi\u1ec7n An Ph\u00e1t Computer \u0111ang b\u00e1n Laptop HP 15s-fq1022TU 8VY75PA ch\u00ednh h\u00e3ng v\u1edbi gi\u00e1 ph\u1ea3i ch\u0103ng c\u00f9ng c\u00e1c ch\u01b0\u01a1ng tr\u00ecnh b\u1ea3o h\u00e0nh v\u00e0 qu\u00e0 t\u1eb7ng h\u1ea5p d\u1eabn.<\/p>\n<p>&gt;&gt; Qu\u00fd kh\u00e1ch tham kh\u1ea3o th\u00eam c\u00e1c s\u1ea3n ph\u1ea9m Laptop HP t\u1ea1i \u0111\u00e2y<\/p>\n","protected":false},"excerpt":{"rendered":"<ul>\n<li>CPU: Intel\u00ae Core\u2122 i7-1065G7 (1.30 GHz upto 3.90 GHz, 8MB)<\/li>\n<li>RAM: 8 GB DDR4-2666 SDRAM (1 x 8 GB)(2 Khe )<\/li>\n<li>\u1ed4 c\u1ee9ng: 512GB PCIe\u00ae NVMe\u2122 M.2 SSD<\/li>\n<li>VGA: Intel\u00ae Iris\u00ae Plus Graphics<\/li>\n<li>M\u00e0n h\u00ecnh: 15.6&#8243; diagonal FHD SVA anti-glare micro-edge WLED-backlit (1920 x 1080)<\/li>\n<li>OS: Windows 10 Home<\/li>\n<li>Pin: 3-cell, 41 Wh Li-ion<\/li>\n<li>C\u00e2n n\u1eb7ng: 1.65 kg<\/li>\n<\/ul>\n<p>B\u1ea3o h\u00e0nh: 12 th\u00e1ng , \u0110\u1ed5i m\u1edbi trong 15 ng\u00e0y, D\u1ecbch v\u1ee5 giao nh\u1eadn t\u1ea1i n\u01a1i s\u1eed d\u1ee5ng c\u1ee7a h\u00e3ng HP<\/p>\n<p>Hi\u1ec7n \u0111ang c\u00f3 t\u1ea1i showroom:<\/p>\n<p>\u2022 49 Th\u00e1i H\u00e0 \u2013 P. Trung Li\u1ec7t \u2013 Q. \u0110\u1ed1ng \u0110a \u2013 H\u00e0 N\u1ed9i<\/p>\n<p>\u2022 151 L\u00ea Thanh Ngh\u1ecb, P. \u0110\u1ed3ng T\u00e2m &#8211; Q. Hai B\u00e0 Tr\u01b0ng \u2013 H\u00e0 N\u1ed9i<\/p>\n","protected":false},"featured_media":101,"comment_status":"open","ping_status":"closed","template":"","meta":[],"yst_prominent_words":[],"_links":{"self":[{"href":"http:\/\/demoweb.superhost.vn\/7080\/wp-json\/wp\/v2\/product\/97"}],"collection":[{"href":"http:\/\/demoweb.superhost.vn\/7080\/wp-json\/wp\/v2\/product"}],"about":[{"href":"http:\/\/demoweb.superhost.vn\/7080\/wp-json\/wp\/v2\/types\/product"}],"replies":[{"embeddable":true,"href":"http:\/\/demoweb.superhost.vn\/7080\/wp-json\/wp\/v2\/comments?post=97"}],"wp:featuredmedia":[{"embeddable":true,"href":"http:\/\/demoweb.superhost.vn\/7080\/wp-json\/wp\/v2\/media\/101"}],"wp:attachment":[{"href":"http:\/\/demoweb.superhost.vn\/7080\/wp-json\/wp\/v2\/media?parent=97"}],"wp:term":[{"taxonomy":"yst_prominent_words","embeddable":true,"href":"http:\/\/demoweb.superhost.vn\/7080\/wp-json\/wp\/v2\/yst_prominent_words?post=97"}],"curies":[{"name":"wp","href":"https:\/\/api.w.org\/{rel}","templated":true}]}}