{"id":701,"date":"2020-09-28T09:27:44","date_gmt":"2020-09-28T02:27:44","guid":{"rendered":"http:\/\/demoweb.superhost.vn\/7080\/?post_type=product&#038;p=701"},"modified":"2020-09-28T11:18:55","modified_gmt":"2020-09-28T04:18:55","slug":"may-tinh-de-ban-kg500-545-cu-99","status":"publish","type":"product","link":"http:\/\/demoweb.superhost.vn\/7080\/san-pham\/may-tinh-de-ban-kg500-545-cu-99\/","title":{"rendered":"M\u00e1y t\u00ednh \u0111\u1ec3 b\u00e0n KG500-545 c\u0169 99%"},"content":{"rendered":"<ul>\n<li>&#8211; CPU:\u00a0<a title=\" Xem chi ti\u00ea\u0301t sa\u0309n ph\u00e2\u0309m \" href=\"https:\/\/mega.com.vn\/cpu-intel-core-i3-10100.html\" target=\"_blank\" rel=\"noopener noreferrer\"><strong><span style=\"color: 0000ff;\">Cpu Intel Core i3- 10100<\/span><\/strong><\/a><\/li>\n<\/ul>\n<ul>\n<li>&#8211; Main:\u00a0<a title=\"Xem chi ti\u00ea\u0301t sa\u0309n ph\u00e2\u0309m\" href=\"https:\/\/mega.com.vn\/mainboard-asus-prime-h410m-k.html\" target=\"_blank\" rel=\"noopener noreferrer\"><strong><span style=\"color: 0000ff;\">Mainboard Asus PRIME H410M-K<\/span><\/strong><\/a><\/li>\n<\/ul>\n<ul>\n<li>&#8211; Ram:\u00a0<a title=\" Xem chi ti\u00ea\u0301t sa\u0309n ph\u00e2\u0309m \" href=\"https:\/\/mega.com.vn\/ram-gskill-8gb-ddr4-2800-f4-2800c17s-8gvr.html\" target=\"_blank\" rel=\"noopener noreferrer\"><strong><span style=\"color: 0000ff;\">8gb\/2800 PC GSkill Ripjaw<\/span><\/strong><\/a><\/li>\n<\/ul>\n<ul>\n<li>&#8211; VGA:\u00a0<a title=\" Xem chi ti\u00ea\u0301t sa\u0309n ph\u00e2\u0309m \" href=\"https:\/\/mega.com.vn\/vga-asus-tuf-gtx1650-4g-ddr6-gaming.html\" target=\"_blank\" rel=\"noopener noreferrer\"><strong><span style=\"color: 0000ff;\">Asus TUF-GTX1650-4G DDR6-GAMING<\/span><\/strong><\/a><\/li>\n<\/ul>\n<ul>\n<li>&#8211; HDD:\u00a0<a title=\"Xem chi ti\u1ebft s\u1ea3n ph\u1ea9m\" href=\"http:\/\/mega.com.vn\/o-cung-theo-hang.html\" target=\"_blank\" rel=\"noopener noreferrer\"><strong><span style=\"color: 0000ff;\">T\u00f9y ch\u1ecdn n\u00e2ng c\u1ea5p<\/span><\/strong><\/a><\/li>\n<\/ul>\n<ul>\n<li>&#8211; SSD:\u00a0<a title=\" Xem chi ti\u00ea\u0301t sa\u0309n ph\u00e2\u0309m \" href=\"https:\/\/mega.com.vn\/o-cung-ssd-kingston-sa400-120gb-sata3-doc-500mbs-ghi-320mbs.html\" target=\"_blank\" rel=\"noopener noreferrer\"><strong><span style=\"color: 0000ff;\">Kingtons 120GB SA400 SATA(6Gb\/s) Read 500 Mb\/s-Write 320Mb\/s<\/span><\/strong><\/a><\/li>\n<\/ul>\n<ul>\n<li>&#8211; POW:\u00a0<a title=\" Xem chi ti\u00ea\u0301t sa\u0309n ph\u00e2\u0309m \" href=\"https:\/\/mega.com.vn\/nguon-xigmatek-x-power-ii-500-450w-230v.html\" target=\"_blank\" rel=\"noopener noreferrer\"><strong><span style=\"color: 0000ff;\">Xigmatek X-Power II 500 ( 450W, 230V) 80 plus<\/span><\/strong><\/a><\/li>\n<\/ul>\n<ul>\n<li>&#8211; Case:\u00a0<a title=\" Xem chi ti\u00ea\u0301t sa\u0309n ph\u00e2\u0309m \" href=\"https:\/\/mega.com.vn\/case-xigmatek-eros-en43361.html\" target=\"_blank\" rel=\"noopener noreferrer\"><strong><span style=\"color: 0000ff;\">Xigmatek Eros EN43361<\/span><\/strong><\/a><\/li>\n<\/ul>\n<p>&nbsp;<\/p>\n","protected":false},"excerpt":{"rendered":"<ul>\n<li>\u1ed4 c\u1ee9ng 240Gb SSD<\/li>\n<li>B\u1ed9 nh\u1edb RAM 4Gb\/266<\/li>\n<li>CPU Intel\u00ae Core I3 3.4G\/1151<\/li>\n<li>M\u00e0n h\u00ecnh LCD 19\u2033 Led Hp<\/li>\n<\/ul>\n","protected":false},"featured_media":702,"comment_status":"open","ping_status":"closed","template":"","meta":[],"yst_prominent_words":[],"_links":{"self":[{"href":"http:\/\/demoweb.superhost.vn\/7080\/wp-json\/wp\/v2\/product\/701"}],"collection":[{"href":"http:\/\/demoweb.superhost.vn\/7080\/wp-json\/wp\/v2\/product"}],"about":[{"href":"http:\/\/demoweb.superhost.vn\/7080\/wp-json\/wp\/v2\/types\/product"}],"replies":[{"embeddable":true,"href":"http:\/\/demoweb.superhost.vn\/7080\/wp-json\/wp\/v2\/comments?post=701"}],"wp:featuredmedia":[{"embeddable":true,"href":"http:\/\/demoweb.superhost.vn\/7080\/wp-json\/wp\/v2\/media\/702"}],"wp:attachment":[{"href":"http:\/\/demoweb.superhost.vn\/7080\/wp-json\/wp\/v2\/media?parent=701"}],"wp:term":[{"taxonomy":"yst_prominent_words","embeddable":true,"href":"http:\/\/demoweb.superhost.vn\/7080\/wp-json\/wp\/v2\/yst_prominent_words?post=701"}],"curies":[{"name":"wp","href":"https:\/\/api.w.org\/{rel}","templated":true}]}}