{"id":697,"date":"2020-09-28T09:23:44","date_gmt":"2020-09-28T02:23:44","guid":{"rendered":"http:\/\/demoweb.superhost.vn\/7080\/?post_type=product&#038;p=697"},"modified":"2020-09-28T09:23:44","modified_gmt":"2020-09-28T02:23:44","slug":"may-in-canon-1210-cu-nhat-bai","status":"publish","type":"product","link":"http:\/\/demoweb.superhost.vn\/7080\/san-pham\/may-in-canon-1210-cu-nhat-bai\/","title":{"rendered":"M\u00e1y in Canon 1210 c\u0169 Nh\u1eadt B\u00e3i"},"content":{"rendered":"<p><strong>CH\u1ea4T L\u01af\u1ee2NG V\u00c0 H\u00ccNH TH\u1ee8C M\u00c1Y C\u00d2N R\u1ea4T \u0110\u1eb8P.<\/strong><\/p>\n<p><strong>CAM K\u1ebeT B\u1ea2O H\u00c0NH B\u1eb0NG GI\u1ea4Y T\u1edc C\u00d3 D\u1ea4U C\u00d4NG TY.<\/strong><\/p>\n<p><strong>\u01afu \u0111i\u1ec3m v\u01b0\u1ee3t tr\u1ed9i:<\/strong><\/p>\n<p>&#8211; H\u00fat gi\u1ea5y r\u1ea5t t\u1ed1t k\u1ec3 c\u1ea3 lo\u1ea1i gi\u1ea5y Can m\u1ecfng, gi\u1ea5y d\u00e1n nh\u00e3n Tomy, gi\u1ea5y b\u00eca c\u1ee9ng, &#8230;<\/p>\n<p>&#8211; C\u1ee5m S\u1ea5y Canon 1210 t\u1ed1t n\u00ean m\u1ef1c b\u00e1m ch\u1eafc kh\u00f4ng b\u1ecb bong, ph\u00f9 h\u1ee3p cho vi\u1ec7c in nh\u00e3n s\u1ea3n ph\u1ea9m, in \u1ea3nh h\u00ecnh x\u0103m, &#8230;<\/p>\n<p><em><strong>=&gt; v\u1edbi c\u00e1c c\u1eeda h\u00e0ng c\u1ea7n in nh\u00e3n s\u1ea3n ph\u1ea9m ho\u1eb7c h\u00ecnh x\u0103m \u0111en tr\u1eafng th\u00ec Canon LBP 1210 l\u00e0 s\u1ef1 l\u1ef1a ch\u1ecdn ho\u00e0n h\u1ea3o cho b\u1ea1n.<\/strong><\/em><\/p>\n<p><strong>Th\u00f4ng s\u1ed1 k\u0129 thu\u1eadt M\u00e1y in c\u0169 Canon 1210 CANON:<\/strong><\/p>\n<p>&#8211; Lo\u1ea1i m\u00e1y in: Laser \u0111en tr\u1eafng<\/p>\n<p>&#8211; C\u1ee1 gi\u1ea5y: A4<\/p>\n<p>&#8211; \u0110\u1ed9 ph\u00e2n gi\u1ea3i: 2400x600dpi<\/p>\n<p>&#8211; K\u1ebft n\u1ed1i: USB, Parallel<\/p>\n<p>&#8211; T\u1ed1c \u0111\u1ed9 in \u0111en tr\u1eafng (T\u1edd\/ph\u00fat): 14t\u1edd<\/p>\n<p>&#8211; Khay \u0111\u1ef1ng gi\u1ea5y th\u01b0\u1eddng (T\u1edd): 250t\u1edd<\/p>\n<p>&#8211; 1 l\u1ea7n \u0111\u1ed5 m\u1ef1c in \u0111\u01b0\u1ee3c kho\u1ea3ng 700-1000 t\u1edd A4<\/p>\n<p>&#8211; OS Supported: Microsoft Windows 98, m\u00e1y Microsoft Windows XP, Vista, Windows 7 32 bits<\/p>\n<p><span style=\"color: #ff0000;\"><strong>Download driver m\u00e1y in Canon 1210 t\u1ea1i link b\u00ean d\u01b0\u1edbi:<\/strong><\/span><\/p>\n<p>&#8211; Windows XP:\u00a0<a title=\"Canon 1210\" href=\"http:\/\/data.mayincugiare.com\/canon\/Canon-1210-WinXP.rar\">http:\/\/data.mayincugiare.com\/canon\/Canon-1210-WinXP.rar<\/a><\/p>\n<p>&#8211; Windows 7 32 b\u00edt:\u00a0<a title=\"Canon LBP 1210\" href=\"http:\/\/data.mayincugiare.com\/canon\/Canon-1210-Win7.rar\">http:\/\/data.mayincugiare.com\/canon\/Canon-1210-Win7.rar<\/a><\/p>\n<p><a title=\"M\u00e1y in Canon 1210\" href=\"http:\/\/search-vn.canon-asia.com\/canon__vn_en__vn_p_en\/search.x?ct=Support&amp;hf=category%09zubaken&amp;cf=model_sm:LBP1210&amp;d=DOWNLOADS\" target=\"_BLANK\" rel=\"noopener noreferrer\">http:\/\/search-vn.canon-asia.com\/canon__vn_en__vn_p_en\/search.x?ct=Support&amp;hf=category%09zubaken&amp;cf=model_sm:LBP1210&amp;d=DOWNLOADS<\/a><\/p>\n<p><a title=\"c\u00e0i \u0111\u1eb7t m\u00e1y in Canon 1210\" href=\"https:\/\/mayincugiare.com\/huong-dan-cai-dat-may-in-canon-lbp-1210.html\">H\u01af\u1edaNG D\u1eaaN C\u00c0I \u0110\u1eb6T M\u00c1Y IN CANON LBP 1210<\/a><\/p>\n<p><em><strong>B\u1ea1n ki\u1ec3m tra version win v\u00e0 ch\u1ecdn driver t\u01b0\u01a1ng \u1ee9ng v\u1edbi win tr\u00ean m\u00e1y t\u00ednh c\u1ee7a ban<\/strong><\/em><\/p>\n<p>&nbsp;<\/p>\n<p>N\u1ebfu b\u1ea1n g\u1eb7p kh\u00f3 kh\u0103n trong c\u00e0i \u0111\u1eb7t Driver m\u00e1y in, h\u00e3y c\u00e0i ph\u1ea7n m\u1ec1m\u00a0<strong>UltraViewer<\/strong>\u00a0v\u00e0 li\u00ean h\u1ec7 v\u1edbi ch\u00fang t\u00f4i, nh\u00e2n vi\u00ean\u00a0<strong>mayincugiare.com<\/strong>\u00a0s\u1ebd c\u00e0i \u0111\u1eb7t gi\u00fap b\u1ea1n t\u1eeb xa.<\/p>\n<p><strong>Link download:\u00a0<\/strong><a title=\"Ultra Viewer\" href=\"https:\/\/mayincugiare.com\/UltraViewer.exe\">http:\/\/mayincugiare.com\/UltraViewer.exe<\/a><\/p>\n","protected":false},"excerpt":{"rendered":"<ul>\n<li><strong>Th\u01b0\u01a1ng hi\u1ec7u:\u00a0<\/strong><a title=\"M\u00e1y in Canon c\u0169\" href=\"https:\/\/mayincugiare.com\/may-in-canon-cu.html\">M\u00e1y in Canonc\u0169<\/a><\/li>\n<li><strong>B\u1ea3o h\u00e0nh:\u00a0<\/strong>3 th\u00e1ng<\/li>\n<li><strong>Khuy\u1ebfn m\u00e3i:\u00a0<\/strong>D\u00e2y ngu\u1ed3n + C\u00e1p k\u1ebft n\u1ed1i USB + M\u1ef1c \u0111\u1ed5 \u0111\u1ea7y<\/li>\n<li><strong>T\u00ecnh tr\u1ea1ng:\u00a0<\/strong>C\u00f2n h\u00e0ng<\/li>\n<\/ul>\n","protected":false},"featured_media":698,"comment_status":"open","ping_status":"closed","template":"","meta":[],"yst_prominent_words":[],"_links":{"self":[{"href":"http:\/\/demoweb.superhost.vn\/7080\/wp-json\/wp\/v2\/product\/697"}],"collection":[{"href":"http:\/\/demoweb.superhost.vn\/7080\/wp-json\/wp\/v2\/product"}],"about":[{"href":"http:\/\/demoweb.superhost.vn\/7080\/wp-json\/wp\/v2\/types\/product"}],"replies":[{"embeddable":true,"href":"http:\/\/demoweb.superhost.vn\/7080\/wp-json\/wp\/v2\/comments?post=697"}],"wp:featuredmedia":[{"embeddable":true,"href":"http:\/\/demoweb.superhost.vn\/7080\/wp-json\/wp\/v2\/media\/698"}],"wp:attachment":[{"href":"http:\/\/demoweb.superhost.vn\/7080\/wp-json\/wp\/v2\/media?parent=697"}],"wp:term":[{"taxonomy":"yst_prominent_words","embeddable":true,"href":"http:\/\/demoweb.superhost.vn\/7080\/wp-json\/wp\/v2\/yst_prominent_words?post=697"}],"curies":[{"name":"wp","href":"https:\/\/api.w.org\/{rel}","templated":true}]}}