{"id":688,"date":"2020-09-28T09:20:32","date_gmt":"2020-09-28T02:20:32","guid":{"rendered":"http:\/\/demoweb.superhost.vn\/7080\/?post_type=product&#038;p=688"},"modified":"2020-09-28T09:20:32","modified_gmt":"2020-09-28T02:20:32","slug":"may-in-hp-1010-cu-99-nhat-bai","status":"publish","type":"product","link":"http:\/\/demoweb.superhost.vn\/7080\/san-pham\/may-in-hp-1010-cu-99-nhat-bai\/","title":{"rendered":"M\u00e1y in HP 1010 c\u0169 99% Nh\u1eadt B\u00e3i"},"content":{"rendered":"<p><strong>CH\u1ea4T L\u01af\u1ee2NG V\u00c0 H\u00ccNH TH\u1ee8C M\u00c1Y C\u00d2N R\u1ea4T \u0110\u1eb8P.<\/strong><\/p>\n<p><strong>CAM K\u1ebeT B\u1ea2O H\u00c0NH B\u1eb0NG GI\u1ea4Y T\u1edc C\u00d3 D\u1ea4U C\u00d4NG TY.\u00a0<\/strong><\/p>\n<p>M\u1ef0C V\u00c0 L\u1ee4A S\u1ea4Y IN HAO M\u00d2N N\u00caN B\u1ea2O H\u00c0NH 3 TH\u00c1NG<\/p>\n<p><strong>M\u00e1y in HP 1010 c\u0169<\/strong><\/p>\n<p>&#8211; Lo\u1ea1i m\u00e1y in: Laser \u0111en tr\u1eafng<\/p>\n<p>&#8211; C\u1ee1 gi\u1ea5y: A4<\/p>\n<p>&#8211; \u0110\u1ed9 ph\u00e2n gi\u1ea3i: 600x1200dpi<\/p>\n<p>&#8211; K\u1ebft n\u1ed1i: USB2.0<\/p>\n<p>&#8211; T\u1ed1c \u0111\u1ed9 in \u0111en tr\u1eafng (T\u1edd\/ph\u00fat): 14t\u1edd<\/p>\n<p>&#8211; Khay \u0111\u1ef1ng gi\u1ea5y th\u01b0\u1eddng (T\u1edd): 50t\u1edd<\/p>\n<p>&#8211; Khay \u0111\u1ef1ng gi\u1ea5y c\u1ee1 nh\u1ecf (T\u1edd): 200 t\u1edd<\/p>\n<p>&#8211; Ch\u1ee9c n\u0103ng: In tr\u00e0n l\u1ec1, In tr\u1ef1c ti\u1ebfp<\/p>\n<p>&#8211; B\u1ed9 nh\u1edb trong(Mb): 8M<\/p>\n<p>&#8211; Ngu\u1ed3n \u0111i\u1ec7n s\u1eed d\u1ee5ng: AC 220V 50\/60Hz<\/p>\n<p>&#8211; Kh\u1ed1i l\u01b0\u1ee3ng: 4Kg<\/p>\n<p>&#8211; S\u1eed d\u1ee5ng h\u1ed9p m\u1ef1c HP 12A ( 2000 b\u1ea3n in)<\/p>\n<p><strong>H\u1ec7 \u0111i\u1ec1u h\u00e0nh h\u1ed7 tr\u1ee3:<\/strong><\/p>\n<p>&#8211; Linux<\/p>\n<p>&#8211; Mac OS X 10.6, Mac OS X 10.7<\/p>\n<p>&#8211; Microsoft Windows 2000<\/p>\n<p>&#8211; Microsoft Windows NT 4.0<\/p>\n<p>&#8211; Microsoft Windows Vista, Microsoft Windows Vista (64-bit)<\/p>\n<p>&#8211; Microsoft Windows XP<\/p>\n<p><span style=\"color: #ff0000;\"><strong>Download driver m\u00e1y in HP 1010 t\u1ea1i link b\u00ean d\u01b0\u1edbi:<\/strong><\/span><\/p>\n<p>&#8211;\u00a0<a title=\"M\u00e1y in HP 1010\" href=\"http:\/\/data.mayincugiare.com\/hp\/HP-1010.rar\">http:\/\/data.mayincugiare.com\/hp\/HP-1010.rar<\/a><\/p>\n<p>&#8211;\u00a0<a title=\"HP 1010\" href=\"http:\/\/h20566.www2.hp.com\/portal\/site\/hpsc\/public\/psi\/swdHome\/?cc=us&amp;cc=us&amp;lang=en&amp;lang=en&amp;sp4ts.oid=306507&amp;ac.admitted=1409978325195.876444892.199480143\" target=\"_BANL\" rel=\"noopener noreferrer\">http:\/\/h20566.www2.hp.com\/portal\/site\/hpsc\/public\/psi\/swdHome\/?cc=us&amp;cc=us&amp;lang=en&amp;lang=en&amp;sp4ts.oid=306507&amp;ac.admitted=1409978325195.876444892.199480143<\/a><\/p>\n<p><em><strong>B\u1ea1n ki\u1ec3m tra version win v\u00e0 ch\u1ecdn driver t\u01b0\u01a1ng \u1ee9ng v\u1edbi win tr\u00ean m\u00e1y t\u00ednh c\u1ee7a ban<\/strong><\/em><\/p>\n<p><a title=\"c\u00e0i \u0111\u1eb7t m\u00e1y in HP 1010\" href=\"https:\/\/mayincugiare.com\/huong-dan-cai-dat-may-in-hp-laserjet-1010.html\">H\u01af\u1edaNG D\u1eaaN C\u00c0I \u0110\u1eb6T M\u00c1Y IN HP LASERJET 1010<\/a><\/p>\n<p>N\u1ebfu b\u1ea1n g\u1eb7p kh\u00f3 kh\u0103n trong c\u00e0i \u0111\u1eb7t Driver m\u00e1y in, h\u00e3y c\u00e0i ph\u1ea7n m\u1ec1m\u00a0<strong>UltraViewer<\/strong>\u00a0v\u00e0 li\u00ean h\u1ec7 v\u1edbi ch\u00fang t\u00f4i, nh\u00e2n vi\u00ean\u00a0<strong>mayincugiare.com<\/strong>\u00a0s\u1ebd c\u00e0i \u0111\u1eb7t gi\u00fap b\u1ea1n t\u1eeb xa.<\/p>\n<p><strong>Link download:\u00a0<\/strong><a title=\"Ultra Viewer\" href=\"https:\/\/mayincugiare.com\/UltraViewer.exe\">http:\/\/mayincugiare.com\/UltraViewer.exe<\/a><\/p>\n","protected":false},"excerpt":{"rendered":"<ul>\n<li><strong>Th\u01b0\u01a1ng hi\u1ec7u:\u00a0<\/strong>M\u00e1y in HP c\u0169<\/li>\n<li><strong>B\u1ea3o h\u00e0nh:\u00a0<\/strong>6 th\u00e1ng<\/li>\n<li><strong>Khuy\u1ebfn m\u00e3i:\u00a0<\/strong>D\u00e2y ngu\u1ed3n + C\u00e1p k\u1ebft n\u1ed1i USB + M\u1ef1c \u0111\u1ed5 \u0111\u1ea7y<\/li>\n<li><strong>T\u00ecnh tr\u1ea1ng:\u00a0<\/strong>C\u00f2n h\u00e0ng<\/li>\n<\/ul>\n","protected":false},"featured_media":689,"comment_status":"open","ping_status":"closed","template":"","meta":[],"yst_prominent_words":[],"_links":{"self":[{"href":"http:\/\/demoweb.superhost.vn\/7080\/wp-json\/wp\/v2\/product\/688"}],"collection":[{"href":"http:\/\/demoweb.superhost.vn\/7080\/wp-json\/wp\/v2\/product"}],"about":[{"href":"http:\/\/demoweb.superhost.vn\/7080\/wp-json\/wp\/v2\/types\/product"}],"replies":[{"embeddable":true,"href":"http:\/\/demoweb.superhost.vn\/7080\/wp-json\/wp\/v2\/comments?post=688"}],"wp:featuredmedia":[{"embeddable":true,"href":"http:\/\/demoweb.superhost.vn\/7080\/wp-json\/wp\/v2\/media\/689"}],"wp:attachment":[{"href":"http:\/\/demoweb.superhost.vn\/7080\/wp-json\/wp\/v2\/media?parent=688"}],"wp:term":[{"taxonomy":"yst_prominent_words","embeddable":true,"href":"http:\/\/demoweb.superhost.vn\/7080\/wp-json\/wp\/v2\/yst_prominent_words?post=688"}],"curies":[{"name":"wp","href":"https:\/\/api.w.org\/{rel}","templated":true}]}}