{"id":683,"date":"2020-09-28T09:17:56","date_gmt":"2020-09-28T02:17:56","guid":{"rendered":"http:\/\/demoweb.superhost.vn\/7080\/?post_type=product&#038;p=683"},"modified":"2020-09-28T09:18:27","modified_gmt":"2020-09-28T02:18:27","slug":"may-in-da-chuc-nang-hp-laserjet-1212nf-cu","status":"publish","type":"product","link":"http:\/\/demoweb.superhost.vn\/7080\/san-pham\/may-in-da-chuc-nang-hp-laserjet-1212nf-cu\/","title":{"rendered":"M\u00e1y in \u0111a ch\u1ee9c n\u0103ng HP laserjet 1212NF c\u0169"},"content":{"rendered":"<p><strong>CH\u1ea4T L\u01af\u1ee2NG V\u00c0 H\u00ccNH TH\u1ee8C M\u00c1Y C\u00d2N R\u1ea4T \u0110\u1eb8P.<\/strong><\/p>\n<p><strong>CAM K\u1ebeT B\u1ea2O H\u00c0NH B\u1eb0NG GI\u1ea4Y T\u1edc C\u00d3 D\u1ea4U C\u00d4NG TY.<\/strong><\/p>\n<p><strong>CHI TI\u1ebeT M\u00c1Y IN \u0110A CH\u1ee8C N\u0102NG HP LASERJET 1212NF:<\/strong><\/p>\n<p><strong>Ch\u1ee9c n\u0103ng in Laser:<\/strong><\/p>\n<p>&#8211; In \u0111en tr\u1eafng kh\u1ed5 A4,<\/p>\n<p>&#8211; \u0110\u1ed9 ph\u00e2n gi\u1ea3i 1200x1200dpi;<\/p>\n<p>&#8211; T\u1ed1c \u0111\u1ed9 in 19trang \/ ph\u00fat<\/p>\n<p>&#8211; B\u1ed9 nh\u1edb 32MB RAM.<\/p>\n<p>&#8211; Ng\u00f4n ng\u1eef in Host Base.<\/p>\n<p>&#8211; Giao di\u1ec7n USB 2.0HS<\/p>\n<p><strong>Ch\u1ee9c n\u0103ng Photocopy:<\/strong><\/p>\n<p>&#8211; \u0110en tr\u1eafng kh\u1ed5 A4,<\/p>\n<p>&#8211; T\u1ed1c \u0111\u1ed9 19trang \/ ph\u00fat<\/p>\n<p>&#8211; \u0110\u1ed9 ph\u00e2n gi\u1ea3i 600dpi,<\/p>\n<p>&#8211; Thu ph\u00f3ng 25%-400%.<\/p>\n<p><strong>Ch\u1ee9c n\u0103ng qu\u00e9t Scanner:<\/strong><\/p>\n<p>&#8211; Qu\u00e9t kh\u1ed5 A4,<\/p>\n<p>&#8211; \u0110\u1ed9 ph\u00e2n gi\u1ea3i 600x600dpi,<\/p>\n<p>&#8211; C\u00f3 256 levels Grayscale.<\/p>\n<p><strong>Ch\u1ee9c n\u0103ng Fax:<\/strong><\/p>\n<p>&#8211; \u0110en tr\u1eafng kh\u1ed5 A4,<\/p>\n<p>&#8211; Modem 33.6Kbps,<\/p>\n<p>&#8211; T\u1ed1c \u0111\u1ed9 g\u1eedi fax 3 gi\u00e2y\/ trang.<\/p>\n<p>&#8211; Khay n\u1ea1p b\u1ea3n g\u1ed1c 30 t\u1edd.<\/p>\n<p>&#8211; B\u1ed9 nh\u1edb nh\u1eadn &amp; g\u1eedi fax 500 trang.<\/p>\n<p>&#8211; B\u1ed9 nh\u1edb c\u00e1c \u0111\u1ecba ch\u1ec9 g\u1ecdi nhanh 120 \u0111\u1ecba ch\u1ec9.<\/p>\n<p>&#8211; G\u1eedi fax theo nh\u00f3m \u0111\u01b0\u1ee3c 119 \u0111\u1ecba ch\u1ec9.<\/p>\n<p>&#8211; Ch\u1ee9c n\u0103ng PC-Fax: g\u1eedi fax tr\u1ef1c ti\u1ebfp t\u1eeb m\u00e1y t\u00ednh.<\/p>\n<p><strong>S\u1eed d\u1ee5ng m\u1ef1c HP CE285A<\/strong><\/p>\n<p><span style=\"color: #ff0000;\"><strong>Download driver m\u00e1y in HP 1212NF t\u1ea1i link b\u00ean d\u01b0\u1edbi:<\/strong><\/span><\/p>\n<p><a href=\"http:\/\/data.mayincugiare.com\/hp\/hp-1212.exe\">http:\/\/data.mayincugiare.com\/hp\/hp-1212.exe<\/a><\/p>\n<p><a title=\"M\u00e1y in \u0111a ch\u1ee9c n\u0103ng HP laserjet 1212NF\" href=\"http:\/\/h10025.www1.hp.com\/ewfrf\/wc\/softwareCategory?product=3965849&amp;lc=en&amp;cc=us&amp;dlc=en&amp;lang=en&amp;cc=us\" target=\"_BLANK\" rel=\"nofollow noopener noreferrer\">http:\/\/h10025.www1.hp.com\/ewfrf\/wc\/softwareCategory?product=3965849&amp;lc=en&amp;cc=us&amp;dlc=en&amp;lang=en&amp;cc=us<\/a><\/p>\n<p><em><strong>B\u1ea1n ki\u1ec3m tra version win v\u00e0 ch\u1ecdn driver t\u01b0\u01a1ng \u1ee9ng v\u1edbi win tr\u00ean m\u00e1y t\u00ednh c\u1ee7a b\u1ea1n.<\/strong><\/em><\/p>\n<p>N\u1ebfu b\u1ea1n g\u1eb7p kh\u00f3 kh\u0103n trong c\u00e0i \u0111\u1eb7t Driver m\u00e1y in, h\u00e3y c\u00e0i ph\u1ea7n m\u1ec1m\u00a0<strong>UltraViewer<\/strong>\u00a0v\u00e0 li\u00ean h\u1ec7 v\u1edbi ch\u00fang t\u00f4i, nh\u00e2n vi\u00ean\u00a0<strong>mayincugiare.com<\/strong>\u00a0s\u1ebd c\u00e0i \u0111\u1eb7t gi\u00fap b\u1ea1n t\u1eeb xa.<\/p>\n<p><strong>Link download:\u00a0<\/strong><a title=\"Ultra Viewer\" href=\"https:\/\/mayincugiare.com\/UltraViewer.exe\">http:\/\/mayincugiare.com\/UltraViewer.exe<\/a><\/p>\n","protected":false},"excerpt":{"rendered":"<ul>\n<li><strong>Th\u01b0\u01a1ng hi\u1ec7u:\u00a0<\/strong>M\u00e1y in HP c\u0169<\/li>\n<li><strong>B\u1ea3o h\u00e0nh:\u00a0<\/strong>3 th\u00e1ng<\/li>\n<li><strong>Khuy\u1ebfn m\u00e3i:\u00a0<\/strong>D\u00e2y ngu\u1ed3n + C\u00e1p k\u1ebft n\u1ed1i USB + M\u1ef1c \u0111\u1ed5 \u0111\u1ea7y<\/li>\n<li><strong>T\u00ecnh tr\u1ea1ng:\u00a0<\/strong>C\u00f2n h\u00e0ng<\/li>\n<\/ul>\n","protected":false},"featured_media":684,"comment_status":"open","ping_status":"closed","template":"","meta":[],"yst_prominent_words":[],"_links":{"self":[{"href":"http:\/\/demoweb.superhost.vn\/7080\/wp-json\/wp\/v2\/product\/683"}],"collection":[{"href":"http:\/\/demoweb.superhost.vn\/7080\/wp-json\/wp\/v2\/product"}],"about":[{"href":"http:\/\/demoweb.superhost.vn\/7080\/wp-json\/wp\/v2\/types\/product"}],"replies":[{"embeddable":true,"href":"http:\/\/demoweb.superhost.vn\/7080\/wp-json\/wp\/v2\/comments?post=683"}],"wp:featuredmedia":[{"embeddable":true,"href":"http:\/\/demoweb.superhost.vn\/7080\/wp-json\/wp\/v2\/media\/684"}],"wp:attachment":[{"href":"http:\/\/demoweb.superhost.vn\/7080\/wp-json\/wp\/v2\/media?parent=683"}],"wp:term":[{"taxonomy":"yst_prominent_words","embeddable":true,"href":"http:\/\/demoweb.superhost.vn\/7080\/wp-json\/wp\/v2\/yst_prominent_words?post=683"}],"curies":[{"name":"wp","href":"https:\/\/api.w.org\/{rel}","templated":true}]}}