{"id":679,"date":"2020-09-28T09:16:20","date_gmt":"2020-09-28T02:16:20","guid":{"rendered":"http:\/\/demoweb.superhost.vn\/7080\/?post_type=product&#038;p=679"},"modified":"2023-07-26T00:04:58","modified_gmt":"2023-07-25T17:04:58","slug":"may-in-da-chuc-nang-hp-laserjet-m127fn-cu","status":"publish","type":"product","link":"http:\/\/demoweb.superhost.vn\/7080\/san-pham\/may-in-da-chuc-nang-hp-laserjet-m127fn-cu\/","title":{"rendered":"M\u00e1y in \u0111a ch\u1ee9c n\u0103ng HP LaserJet M127FN c\u0169"},"content":{"rendered":"<p><strong>CH\u1ea4T L\u01af\u1ee2NG V\u00c0 H\u00ccNH TH\u1ee8C C\u00d2N R\u1ea4T M\u1edaI.<\/strong><\/p>\n<p><strong>CAM K\u1ebeT B\u1ea2O H\u00c0NH TR\u00caN GI\u1ea4Y T\u1edc C\u00d3 D\u1ea4U C\u00d4NG TY.<\/strong><\/p>\n<p>M\u1ef0C V\u00c0 L\u1ee4A S\u1ea4Y IN HAO M\u00d2N N\u00caN B\u1ea2O H\u00c0NH 3 TH\u00c1NG<\/p>\n<p><strong>Th\u00f4ng s\u1ed1 M\u00e1y in \u0111a ch\u1ee9c n\u0103ng HP LaserJet M127FN c\u0169:<\/strong><\/p>\n<table border=\"0\" width=\"100%\" cellspacing=\"0\" cellpadding=\"0\">\n<tbody>\n<tr>\n<td>H\u00e3ng s\u1ea3n xu\u1ea5t<\/td>\n<td>HP<\/td>\n<\/tr>\n<tr>\n<td>Lo\u1ea1i m\u00e1y in<\/td>\n<td>Laser \u0111en tr\u1eafng \u0111a ch\u1ee9c n\u0103ng<\/td>\n<\/tr>\n<tr>\n<td>Ch\u1ee9c n\u0103ng<\/td>\n<td>In, scan, Photo m\u1eb7t g\u01b0\u01a1ng, Fax, In qua m\u1ea1ng<\/td>\n<\/tr>\n<tr>\n<td>T\u1ed1c \u0111\u1ed9 in<\/td>\n<td>20 trang\/ph\u00fat<\/td>\n<\/tr>\n<tr>\n<td>\u0110\u1ed9 ph\u00e2n gi\u1ea3i<\/td>\n<td>600&#215;600 dpi<\/td>\n<\/tr>\n<tr>\n<td>B\u1ed9 nh\u1edb<\/td>\n<td>128MB<\/td>\n<\/tr>\n<tr>\n<td>Kh\u1ed5 gi\u1ea5y<\/td>\n<td>A4<\/td>\n<\/tr>\n<tr>\n<td>M\u1ef1c in<\/td>\n<td>HP83A (CF283A)<\/td>\n<\/tr>\n<tr>\n<td>T\u00ednh n\u0103ng chung<\/td>\n<td>Processor speed: 600 MHz; Giao ti\u1ebfp USB 2.0. 150 sheets input tray &amp; 10 sheet priority; 100 sheet output; Printing language: Host based. Copy: 18 cpm; 600 x 400 dpi; 25 &#8211; 400%; 99 copies. Scan: Flatbed, ADF (35 sheets); 1200dpi; 24 bit; 6ppm. Fax: 33.6 kbps; Memory: 500 pages; 300 x 300 dp. Extra : Photo Printing: 2 line LCD. Connect: Hi-Speed USB 2.0 port; 10\/100Base-T Ethernet network port; RJ-11 Telephone port. 8.000 pages\/month; A4; A5; B5-Japanese; envelopes (ISO DL, C5, B5, Com #10, Monarch #7 3\/4); 16K; post cards (Standard #10, JIS single and double)<\/td>\n<\/tr>\n<\/tbody>\n<\/table>\n<p>N\u1ebfu b\u1ea1n g\u1eb7p kh\u00f3 kh\u0103n trong c\u00e0i \u0111\u1eb7t Driver m\u00e1y in, h\u00e3y c\u00e0i ph\u1ea7n m\u1ec1m\u00a0<strong>UltraViewer<\/strong>\u00a0v\u00e0 li\u00ean h\u1ec7 v\u1edbi ch\u00fang t\u00f4i, nh\u00e2n vi\u00ean\u00a0<strong>mayincugiare.com<\/strong>\u00a0s\u1ebd c\u00e0i \u0111\u1eb7t gi\u00fap b\u1ea1n t\u1eeb xa.<\/p>\n<p><strong>Link download:\u00a0<\/strong><a title=\"Ultra Viewer\" href=\"https:\/\/mayincugiare.com\/UltraViewer.exe\">http:\/\/mayincugiare.com\/UltraViewer.exe<\/a><\/p>\n","protected":false},"excerpt":{"rendered":"<ul>\n<li><strong>Th\u01b0\u01a1ng hi\u1ec7u:\u00a0<\/strong>M\u00e1y in HP c\u0169<\/li>\n<li><strong>B\u1ea3o h\u00e0nh:\u00a0<\/strong>6 th\u00e1ng<\/li>\n<li><strong>Khuy\u1ebfn m\u00e3i:\u00a0<\/strong>D\u00e2y ngu\u1ed3n + C\u00e1p k\u1ebft n\u1ed1i USB + M\u1ef1c \u0111\u1ed5 \u0111\u1ea7y<\/li>\n<li><strong>T\u00ecnh tr\u1ea1ng:\u00a0<\/strong>H\u1ebft h\u00e0ng<\/li>\n<li><strong>L\u01b0\u1ee3t truy c\u1eadp:\u00a0<\/strong>7419<\/li>\n<\/ul>\n","protected":false},"featured_media":680,"comment_status":"open","ping_status":"closed","template":"","meta":[],"yst_prominent_words":[],"_links":{"self":[{"href":"http:\/\/demoweb.superhost.vn\/7080\/wp-json\/wp\/v2\/product\/679"}],"collection":[{"href":"http:\/\/demoweb.superhost.vn\/7080\/wp-json\/wp\/v2\/product"}],"about":[{"href":"http:\/\/demoweb.superhost.vn\/7080\/wp-json\/wp\/v2\/types\/product"}],"replies":[{"embeddable":true,"href":"http:\/\/demoweb.superhost.vn\/7080\/wp-json\/wp\/v2\/comments?post=679"}],"wp:featuredmedia":[{"embeddable":true,"href":"http:\/\/demoweb.superhost.vn\/7080\/wp-json\/wp\/v2\/media\/680"}],"wp:attachment":[{"href":"http:\/\/demoweb.superhost.vn\/7080\/wp-json\/wp\/v2\/media?parent=679"}],"wp:term":[{"taxonomy":"yst_prominent_words","embeddable":true,"href":"http:\/\/demoweb.superhost.vn\/7080\/wp-json\/wp\/v2\/yst_prominent_words?post=679"}],"curies":[{"name":"wp","href":"https:\/\/api.w.org\/{rel}","templated":true}]}}