{"id":673,"date":"2020-09-28T09:13:02","date_gmt":"2020-09-28T02:13:02","guid":{"rendered":"http:\/\/demoweb.superhost.vn\/7080\/?post_type=product&#038;p=673"},"modified":"2020-09-28T09:13:57","modified_gmt":"2020-09-28T02:13:57","slug":"may-in-a3-cu-90-canon-lbp-3500","status":"publish","type":"product","link":"http:\/\/demoweb.superhost.vn\/7080\/san-pham\/may-in-a3-cu-90-canon-lbp-3500\/","title":{"rendered":"M\u00e1y in A3 c\u0169 90% CANON LBP 3500"},"content":{"rendered":"<p><strong>M\u00e1y in Canon 3500 c\u0169<\/strong>:<\/p>\n<p>&#8211; Ki\u1ec3u M\u00e1y in: Laser tr\u1eafng \u0111en kh\u1ed5 A3.<\/p>\n<p>&#8211; T\u1ed1c \u0111\u1ed9 in A4\/A3 : 25\/15 trang.<\/p>\n<p>&#8211; \u0110\u1ed9 ph\u00e2n gi\u1ea3i : 2400 x 600dpi<\/p>\n<p>&#8211; B\u1ed9 nh\u1edb b\u00ean trong m\u00e1y : 08 MB.<\/p>\n<p>&#8211; Khay gi\u1ea5y t\u1ef1 \u0111\u1ed9ng : 250 t\u1edd A4<\/p>\n<p>&#8211; C\u00f4ng ngh\u1ec7 CAPT 2.1 in nhanh.<\/p>\n<p>&#8211; C\u00f4ng ngh\u1ec7 Hi-SCoA n\u00e9n d\u1eef li\u1ec7u.<\/p>\n<p>&#8211; M\u1ef1c m\u00e1y in canon 3500<\/p>\n<p>&#8211; Tr\u1ed1ng m\u00e1y in canon 3500<\/p>\n<p>&#8211; S\u1eed d\u1ee5ng m\u1ef1c: M\u1ef1c Canon 309<\/p>\n<p><strong>D\u00f2ng m\u00e1y in kh\u1ed5 A3 chuy\u00ean s\u1eed d\u1ee5ng:<\/strong><\/p>\n<p>&#8211; M\u00e1y in s\u1edb, chuy\u00ean in s\u1edb kh\u1ed5 A3 &#8211; A4, m\u00e1y in s\u1edb kh\u1ed5 l\u1edbn, m\u00e1y in gi\u1ea5y s\u1edb<\/p>\n<p>&#8211; M\u00e1y in b\u1ea3n v\u1ebd k\u0129 thu\u1eadt Autocad, in b\u1ea3n v\u1ebd A3, in b\u1ea3n v\u1ebd cad<\/p>\n<p>&#8211; M\u00e1y in b\u00eca s\u1ed5 \u0111\u1ecf kh\u1ed5 A3, m\u00e1y in ph\u00f4i b\u1eb1ng kh\u1ed5 A3<\/p>\n<p>&#8211; M\u00e1y in t\u00e0i li\u1ec7u A3, in h\u1ed3 s\u01a1 k\u0129 thu\u1eadt a3, m\u00e1y in gi\u1ea5y a3<\/p>\n<p><strong>H\u1ec7 \u0111i\u1ec1u h\u00e0nh h\u1ed7 tr\u1ee3:<\/strong><\/p>\n<p>&#8211; Linux<\/p>\n<p>&#8211; Mac OS X v10.4, Mac OS X v10.5, Mac OS X v10.6, Mac OS X v10.7, Mac OS X v10.8, OS X v10.9<\/p>\n<p>&#8211; Windows 2000<\/p>\n<p>&#8211; Windows 7, Windows 7 (x64), Windows 8, Windows 8 (x64), Windows 8.1, Windows 8.1 (x64)<\/p>\n<p>&#8211; Windows 98, Windows Me<\/p>\n<p>&#8211; Windows Server 2003, Windows Server 2003 (x64), Windows Server 2003 R2, Windows Server 2003 R2 (x64), Windows Server 2008, Windows Server 2008 (x64), Windows Server 2008 R2 (x64), Windows Server 2012 (x64), Windows Server 2012 R2 (x64)<\/p>\n<p>&#8211; Windows Vista, Windows Vista (x64), Windows XP Windows XP (x64)<\/p>\n<p><span style=\"color: #ff0000;\"><strong>Download driver m\u00e1y in A3 Canon LBP 3500 t\u1ea1i link b\u00ean d\u01b0\u1edbi:<\/strong><\/span><\/p>\n<p>&#8211; Windows 32 bits:\u00a0<a title=\"M\u00e1y in Canon 3500\" href=\"http:\/\/data.mayincugiare.com\/canon\/Canon-3500-Win32bits.rar\">http:\/\/data.mayincugiare.com\/canon\/Canon-3500-Win32bits.rar<\/a><\/p>\n<p>&#8211; Windows 64 bits:\u00a0<a title=\"M\u00e1y in Canon 3500\" href=\"http:\/\/data.mayincugiare.com\/canon\/Canon-3500-Win64bits.rar\">http:\/\/data.mayincugiare.com\/canon\/Canon-3500-Win64bits.rar<\/a><\/p>\n<p><strong>&#8211; Ho\u1eb7c c\u00e1c h\u1ec7 \u0111i\u1ec1u h\u00e0nh kh\u00e1c t\u1ea1i:<\/strong><\/p>\n<p><a href=\"http:\/\/search-vn.canon-asia.com\/canon__vn_en__vn_p_en\/search.x?ct=Support&amp;hf=category%09zubaken&amp;cf=model_sm:LBP3500&amp;d=DOWNLOADS\" target=\"_BLANK\" rel=\"noopener noreferrer\">http:\/\/search-vn.canon-asia.com\/canon__vn_en__vn_p_en\/search.x?ct=Support&amp;hf=category%09zubaken&amp;cf=model_sm:LBP3500&amp;d=DOWNLOADS<\/a><\/p>\n","protected":false},"excerpt":{"rendered":"<ul>\n<li><strong>Th\u01b0\u01a1ng hi\u1ec7u:\u00a0<\/strong>M\u00e1y in Canon c\u0169<\/li>\n<li><strong>B\u1ea3o h\u00e0nh:\u00a0<\/strong>6 th\u00e1ng (M\u00e1y Nh\u1eadt m\u1edbi 90% gi\u00e1 3.7tr)<\/li>\n<li><strong>Khuy\u1ebfn m\u00e3i:\u00a0<\/strong>D\u00e2y ngu\u1ed3n + C\u00e1p k\u1ebft n\u1ed1i USB + M\u1ef1c \u0111\u1ed5 \u0111\u1ea7y<\/li>\n<li><strong>T\u00ecnh tr\u1ea1ng:\u00a0<\/strong>C\u00f2n h\u00e0ng<\/li>\n<\/ul>\n","protected":false},"featured_media":674,"comment_status":"open","ping_status":"closed","template":"","meta":[],"yst_prominent_words":[],"_links":{"self":[{"href":"http:\/\/demoweb.superhost.vn\/7080\/wp-json\/wp\/v2\/product\/673"}],"collection":[{"href":"http:\/\/demoweb.superhost.vn\/7080\/wp-json\/wp\/v2\/product"}],"about":[{"href":"http:\/\/demoweb.superhost.vn\/7080\/wp-json\/wp\/v2\/types\/product"}],"replies":[{"embeddable":true,"href":"http:\/\/demoweb.superhost.vn\/7080\/wp-json\/wp\/v2\/comments?post=673"}],"wp:featuredmedia":[{"embeddable":true,"href":"http:\/\/demoweb.superhost.vn\/7080\/wp-json\/wp\/v2\/media\/674"}],"wp:attachment":[{"href":"http:\/\/demoweb.superhost.vn\/7080\/wp-json\/wp\/v2\/media?parent=673"}],"wp:term":[{"taxonomy":"yst_prominent_words","embeddable":true,"href":"http:\/\/demoweb.superhost.vn\/7080\/wp-json\/wp\/v2\/yst_prominent_words?post=673"}],"curies":[{"name":"wp","href":"https:\/\/api.w.org\/{rel}","templated":true}]}}