{"id":107,"date":"2020-09-25T21:51:35","date_gmt":"2020-09-25T14:51:35","guid":{"rendered":"http:\/\/demoweb.superhost.vn\/7080\/?post_type=product&#038;p=107"},"modified":"2020-09-28T09:28:54","modified_gmt":"2020-09-28T02:28:54","slug":"laptop-msi-modern-14-a10m-1053vn","status":"publish","type":"product","link":"http:\/\/demoweb.superhost.vn\/7080\/san-pham\/laptop-msi-modern-14-a10m-1053vn\/","title":{"rendered":"Laptop MSI Modern 14 A10M 1053VN"},"content":{"rendered":"<p><strong>Laptop MSI\u00a0Modern 14 A10M 1053VN\u00a0<\/strong>l\u00e0 m\u00e1y t\u00ednh x\u00e1ch tay h\u01b0\u1edbng \u0111\u1ebfn ng\u01b0\u1eddi d\u00f9ng \u0111am m\u00ea s\u00e1ng t\u1ea1o. V\u1edbi \u01b0u \u0111i\u1ec3m \u0111\u1ebfn t\u1eeb thi\u1ebft k\u1ebf sang tr\u1ecdng, m\u00e0n h\u00ecnh chuy\u00ean bi\u1ec7t c\u00f9ng \u0111\u1ed9 ph\u00e2n gi\u1ea3i cao, hi\u1ec7u n\u0103ng m\u1edbi m\u1ebb \u0111\u1ebfn t\u1eeb vi x\u1eed l\u00fd th\u1ebf h\u1ec7 10, th\u1eddi l\u01b0\u1ee3ng pin d\u00e0i, \u0111\u00e2y s\u1ebd l\u00e0 l\u1ef1a ch\u1ecdn tuy\u1ec7t v\u1eddi d\u00e0nh cho ng\u01b0\u1eddi d\u00f9ng y\u00eau th\u00edch s\u1ef1 ho\u00e0n h\u1ea3o.<\/p>\n<p>&nbsp;<\/p>\n<p><img loading=\"lazy\" src=\"https:\/\/anphat.com.vn\/media\/lib\/33583_49979_LaptopMSIModern14A10M692VNi5bac07.jpg\" alt=\"\" width=\"650\" height=\"420\" \/><\/p>\n<p>&nbsp;<\/p>\n<p><strong>Thi\u1ebft k\u1ebf<\/strong><\/p>\n<p><strong>Laptop MSI\u00a0Modern 14 A10M 1053VN<\/strong>\u00a0ghi \u0111i\u1ec3m trong l\u00f2ng kh\u00e1ch h\u00e0ng nh\u1edd v\u1ebb ngo\u00e0i linh ho\u1ea1t nh\u1ecf g\u1ecdn. K\u00edch th\u01b0\u1edbc c\u1ee7a chi\u1ebfc\u00a0laptop\u00a0v\u00f4 c\u00f9ng nh\u1ecf g\u1ecdn, m\u1ecfng manh v\u1edbi \u0111\u1ed9 d\u00e0y ch\u1ec9 15.9mm c\u00f9ng tr\u1ecdng l\u01b0\u1ee3ng ch\u1ec9 1.18 kg. M\u00e1y \u0111\u01b0\u1ee3c l\u00e0m t\u1eeb ch\u1ea5t li\u1ec7u nh\u00f4m v\u00f4 c\u00f9ng b\u1ec1n. V\u00ec v\u1eady, b\u1ea1n c\u00f3 th\u1ec3 y\u00ean t\u00e2m v\u1ec1 ch\u1ea5t l\u01b0\u1ee3ng c\u1ee7a chi\u1ebfc laptop v\u00e0 c\u0169ng d\u1ec5 d\u00e0ng s\u1eed d\u1ee5ng m\u00e1y \u1edf b\u1ea5t c\u1ee9 n\u01a1i n\u00e0o m\u00ecnh mu\u1ed1n.<\/p>\n<p><img loading=\"lazy\" src=\"https:\/\/anphat.com.vn\/media\/lib\/33583_49979_LaptopMSIModern14A10M692VNi5bac08.jpg\" alt=\"\" width=\"650\" height=\"420\" \/><\/p>\n<p><strong>C\u1ea5u h\u00ecnh<\/strong><\/p>\n<p>C\u1ea5u h\u00ecnh v\u00f4 c\u00f9ng si\u00eau kh\u1ee7ng v\u1edbi b\u1ed9 vi x\u1eed l\u00fd Intel\u00ae Core\u2122 i5-10210U Comet Lake th\u1ebf h\u1ec7 th\u1ee9 10 m\u1edbi nh\u1ea5t c\u00f9ng \u1ed5 c\u1ee9ng SSD t\u1ed1i \u01b0u h\u00f3a t\u1ed1c \u0111\u1ed9 x\u1eed l\u00fd ch\u01b0\u01a1ng tr\u00ecnh tr\u00ean m\u00e1y. \u0110i k\u00e8m v\u1edbi b\u1ed9 vi x\u1eed l\u00fd v\u00e0 \u1ed5 c\u1ee9ng tr\u00ean l\u00e0 card \u0111\u1ed3 h\u1ecda Intel\u00ae UHD Graphics. \u0110\u00e2y \u0111\u01b0\u1ee3c coi m\u1ed9t chi\u1ebfc m\u00e1y t\u00ednh x\u00e1ch tay m\u00e0 tr\u00ean \u0111\u00f3 c\u00f3 th\u1ec3 s\u1eed d\u1ee5ng c\u00e1c \u1ee9ng d\u1ee5ng ch\u1ec9nh s\u1eeda h\u00ecnh \u1ea3nh, d\u1ef1ng video hay th\u1eadm ch\u00ed ch\u01a1i game m\u1ed9t c\u00e1ch v\u00f4 c\u00f9ng tr\u01a1n tru, m\u01b0\u1ee3t m\u00e0.<\/p>\n<p>&nbsp;<\/p>\n<p>&nbsp;<\/p>\n<p><img loading=\"lazy\" src=\"https:\/\/anphat.com.vn\/media\/product\/33583_31419_laptop_msi_modern_14_a10m_692vn_dark_gray.jpg\" alt=\"\" width=\"650\" height=\"420\" \/><\/p>\n<p><strong>M\u00e0n h\u00ecnh<\/strong><\/p>\n<p>\u0110\u01b0\u1ee3c trang b\u1ecb m\u00e0n h\u00ecnh vi\u1ec1n m\u1ecfng 14 inch k\u1ebft h\u1ee3p \u0111\u1ed9 ph\u00e2n gi\u1ea3i FullHD \u0111em \u0111\u1ebfn ch\u1ea5t l\u01b0\u1ee3ng hi\u1ec3n th\u1ecb s\u1ed1ng \u0111\u1ed9ng v\u00e0 s\u1eafc n\u00e9t. Ngo\u00e0i ra, c\u00e1c th\u00f4ng s\u1ed1 kh\u00e1c nh\u01b0\u00a0IPS-Level 60Hz 45%NTSC l\u00e0 \u0111i\u1ec3m c\u1ed9ng cho m\u00e1y \u0111\u1ec3 ng\u01b0\u1eddi d\u00f9ng th\u1ef1c hi\u1ec7n c\u00f4ng vi\u1ec7c s\u00e1ng t\u1ea1o, thi\u1ebft k\u1ebf, ch\u1ec9nh s\u1eeda \u1ea3nh v\u00e0 video t\u1ed1t nh\u1ea5t.<\/p>\n<p><img loading=\"lazy\" src=\"https:\/\/anphat.com.vn\/media\/lib\/33583_ps42-modern-4.jpg\" alt=\"\" width=\"650\" height=\"420\" \/><\/p>\n<p><strong>B\u00e0n ph\u00edm<\/strong><\/p>\n<p>H\u00e0nh tr\u00ecnh ph\u00edm 1,5mm \u0111\u01b0\u1ee3c t\u1ed1i \u01b0u h\u00f3a gi\u00fap vi\u1ec7c g\u00f5 tho\u1ea3i m\u00e1i v\u00e0 ch\u00ednh x\u00e1c h\u01a1n. B\u00e0n ph\u00edm c\u0169ng \u0111\u01b0\u1ee3c trang b\u1ecb \u0111\u00e8n n\u1ec1n tr\u1eafng \u0111\u1ec3 ng\u01b0\u1eddi d\u00f9ng g\u00f5 t\u1ed1t h\u01a1n trong \u0111i\u1ec1u ki\u1ec7n thi\u1ebfu s\u00e1ng.<\/p>\n<p>Touchpad v\u1edbi di\u1ec7n t\u00edch di chu\u1ed9t c\u1ef1c r\u1ed9ng r\u00e3i cho b\u1ea1n d\u1ec5 d\u00e0ng thao t\u00e1c m\u00e0 kh\u00f4ng c\u1ea7n th\u00eam chu\u1ed9t r\u1eddi.<\/p>\n<p><strong>C\u1ed5ng k\u1ebft n\u1ed1i<\/strong><\/p>\n<p>Cung c\u1ea5p t\u1ed1i \u0111a 4 c\u1ed5ng USB \u1edf d\u1ea1ng nh\u1ecf USB 3.1 hi\u1ec7u qu\u1ea3 cao chuy\u1ec3n nhanh g\u1ea5p 10 l\u1ea7n so v\u1edbi USB 2.0. Pin lithium-polymer 50Wh gi\u00fap m\u00e1y c\u00f3 th\u1ec3 ho\u1ea1t \u0111\u1ed9ng kh\u00f4ng gi\u1edbi h\u1ea1n trong 10 ti\u1ebfng \u0111\u1ed3ng h\u1ed3 m\u00e0 kh\u00f4ng c\u1ea7n \u0111\u1ebfn s\u1ea1c.<\/p>\n<p><img loading=\"lazy\" src=\"https:\/\/anphat.com.vn\/media\/lib\/33583_ps42-modern-6.jpg\" alt=\"\" width=\"650\" height=\"420\" \/><\/p>\n<p><strong>H\u1ec7 th\u1ed1ng t\u1ea3n nhi\u1ec7t<\/strong><\/p>\n<p>B\u00ean c\u1ea1nh \u0111\u00f3,\u00a0chi\u1ebfc laptop\u00a0\u0111\u01b0\u1ee3c trang b\u1ecb h\u1ec7 th\u1ed1ng l\u00e0m m\u00e1t Exclusive Cooler Boost 3 v\u1edbi 2 qu\u1ea1t chuy\u00ean d\u1ee5ng v\u00e0 3 \u1ed1ng d\u1eabn nhi\u1ec7t, \u0111\u1ea3m b\u1ea3o cho m\u00e1y lu\u00f4n gi\u1eef \u0111\u01b0\u1ee3c nhi\u1ec7t \u0111\u1ed9 \u1ed5n \u0111\u1ecbnh d\u00f9 c\u00f3 \u0111ang render c\u00e1c video n\u1eb7ng.<\/p>\n","protected":false},"excerpt":{"rendered":"<ul>\n<li>CPU: Intel\u00ae Core\u2122 i5-10210U (1.60 GHz upto 4.20 GHz, 6MB)<\/li>\n<li>RAM: 4GB (4GBx1)DDR4 2666MHz (ch\u1ec9 c\u00f3 1 khe ram)<\/li>\n<li>\u1ed4 c\u1ee9ng: 256GB NVMe PCIe SSD<\/li>\n<li>VGA: Intel\u00ae UHD Graphics<\/li>\n<li>M\u00e0n h\u00ecnh: 14.0 inch FHD (1920*1080), IPS-Level 60Hz 45%NTSCThin Bezel<\/li>\n<li>OS: Windows 10 Home<\/li>\n<li>Pin: 4 cell 50Whr<\/li>\n<li>M\u00e0u s\u1eafc: Silver<\/li>\n<li>C\u00e2n n\u1eb7ng: 1.18kg<\/li>\n<\/ul>\n","protected":false},"featured_media":109,"comment_status":"open","ping_status":"closed","template":"","meta":[],"yst_prominent_words":[],"_links":{"self":[{"href":"http:\/\/demoweb.superhost.vn\/7080\/wp-json\/wp\/v2\/product\/107"}],"collection":[{"href":"http:\/\/demoweb.superhost.vn\/7080\/wp-json\/wp\/v2\/product"}],"about":[{"href":"http:\/\/demoweb.superhost.vn\/7080\/wp-json\/wp\/v2\/types\/product"}],"replies":[{"embeddable":true,"href":"http:\/\/demoweb.superhost.vn\/7080\/wp-json\/wp\/v2\/comments?post=107"}],"wp:featuredmedia":[{"embeddable":true,"href":"http:\/\/demoweb.superhost.vn\/7080\/wp-json\/wp\/v2\/media\/109"}],"wp:attachment":[{"href":"http:\/\/demoweb.superhost.vn\/7080\/wp-json\/wp\/v2\/media?parent=107"}],"wp:term":[{"taxonomy":"yst_prominent_words","embeddable":true,"href":"http:\/\/demoweb.superhost.vn\/7080\/wp-json\/wp\/v2\/yst_prominent_words?post=107"}],"curies":[{"name":"wp","href":"https:\/\/api.w.org\/{rel}","templated":true}]}}